{"id":7,"date":"2021-08-09T15:04:44","date_gmt":"2021-08-09T15:04:44","guid":{"rendered":"https:\/\/www.jetelina.com\/?page_id=7"},"modified":"2023-02-13T07:46:32","modified_gmt":"2023-02-13T07:46:32","slug":"jetelina","status":"publish","type":"page","link":"https:\/\/www.jetelina.com\/","title":{"rendered":""},"content":{"rendered":"\n<div class=\"wp-block-columns\">\n<div class=\"wp-block-column\" style=\"flex-basis:300px\">\n<figure class=\"wp-block-image size-large\"><a href=\"https:\/\/www.kralovskytrdelnik.cz\/\"><img loading=\"lazy\" width=\"1024\" height=\"1024\" src=\"https:\/\/www.jetelina.com\/wp-content\/uploads\/2021\/08\/kralovsky_trdelnik-1024x1024.png\" alt=\"\" class=\"wp-image-8\" srcset=\"https:\/\/www.jetelina.com\/wp-content\/uploads\/2021\/08\/kralovsky_trdelnik-1024x1024.png 1024w, https:\/\/www.jetelina.com\/wp-content\/uploads\/2021\/08\/kralovsky_trdelnik-300x300.png 300w, https:\/\/www.jetelina.com\/wp-content\/uploads\/2021\/08\/kralovsky_trdelnik-150x150.png 150w, https:\/\/www.jetelina.com\/wp-content\/uploads\/2021\/08\/kralovsky_trdelnik-768x768.png 768w, https:\/\/www.jetelina.com\/wp-content\/uploads\/2021\/08\/kralovsky_trdelnik-1536x1536.png 1536w, https:\/\/www.jetelina.com\/wp-content\/uploads\/2021\/08\/kralovsky_trdelnik-2048x2048.png 2048w, https:\/\/www.jetelina.com\/wp-content\/uploads\/2021\/08\/kralovsky_trdelnik-1200x1200.png 1200w, https:\/\/www.jetelina.com\/wp-content\/uploads\/2021\/08\/kralovsky_trdelnik-1980x1980.png 1980w\" sizes=\"(max-width: 1024px) 100vw, 1024px\" \/><\/a><\/figure>\n<\/div>\n\n\n\n<div class=\"wp-block-column\" style=\"flex-basis:300px\">\n<figure class=\"wp-block-image size-large\"><a href=\"https:\/\/kralovskeorisky.cz\/\"><img loading=\"lazy\" width=\"1024\" height=\"1024\" src=\"https:\/\/www.jetelina.com\/wp-content\/uploads\/2021\/08\/Kralovske_orisky-1024x1024.png\" alt=\"\" class=\"wp-image-9\" srcset=\"https:\/\/www.jetelina.com\/wp-content\/uploads\/2021\/08\/Kralovske_orisky-1024x1024.png 1024w, https:\/\/www.jetelina.com\/wp-content\/uploads\/2021\/08\/Kralovske_orisky-300x300.png 300w, https:\/\/www.jetelina.com\/wp-content\/uploads\/2021\/08\/Kralovske_orisky-150x150.png 150w, https:\/\/www.jetelina.com\/wp-content\/uploads\/2021\/08\/Kralovske_orisky-768x768.png 768w, https:\/\/www.jetelina.com\/wp-content\/uploads\/2021\/08\/Kralovske_orisky-1536x1536.png 1536w, https:\/\/www.jetelina.com\/wp-content\/uploads\/2021\/08\/Kralovske_orisky-2048x2048.png 2048w, https:\/\/www.jetelina.com\/wp-content\/uploads\/2021\/08\/Kralovske_orisky-1200x1200.png 1200w, https:\/\/www.jetelina.com\/wp-content\/uploads\/2021\/08\/Kralovske_orisky-1980x1980.png 1980w\" sizes=\"(max-width: 1024px) 100vw, 1024px\" \/><\/a><\/figure>\n<\/div>\n<\/div>\n\n\n\n<h5 class=\"has-text-align-center\">Kontaktn\u00ed \u00fadaje<\/h5>\n\n\n\n<p class=\"has-text-align-center\">Miroslav Jetelina s.r.o.<br> S\u00eddlo: Dra\u017e\u016fvky 20, 696 33 Dra\u017e\u016fvky, \u010cesk\u00e1 republika<br> I\u010cO: 293 19 986, DI\u010c: CZ 293 19 986<br> tel: +420 725 178 898<br> email: info@jetelina.com<\/p>\n","protected":false},"excerpt":{"rendered":"<p>Kontaktn\u00ed \u00fadaje Miroslav Jetelina s.r.o. S\u00eddlo: Dra\u017e\u016fvky 20, 696 33 Dra\u017e\u016fvky, \u010cesk\u00e1 republika I\u010cO: 293 19 986, DI\u010c: CZ 293 19 986 tel: +420 725 178 898 email: info@jetelina.com<\/p>\n","protected":false},"author":1,"featured_media":57,"parent":0,"menu_order":0,"comment_status":"closed","ping_status":"closed","template":"","meta":[],"_links":{"self":[{"href":"https:\/\/www.jetelina.com\/index.php\/wp-json\/wp\/v2\/pages\/7"}],"collection":[{"href":"https:\/\/www.jetelina.com\/index.php\/wp-json\/wp\/v2\/pages"}],"about":[{"href":"https:\/\/www.jetelina.com\/index.php\/wp-json\/wp\/v2\/types\/page"}],"author":[{"embeddable":true,"href":"https:\/\/www.jetelina.com\/index.php\/wp-json\/wp\/v2\/users\/1"}],"replies":[{"embeddable":true,"href":"https:\/\/www.jetelina.com\/index.php\/wp-json\/wp\/v2\/comments?post=7"}],"version-history":[{"count":14,"href":"https:\/\/www.jetelina.com\/index.php\/wp-json\/wp\/v2\/pages\/7\/revisions"}],"predecessor-version":[{"id":63,"href":"https:\/\/www.jetelina.com\/index.php\/wp-json\/wp\/v2\/pages\/7\/revisions\/63"}],"wp:featuredmedia":[{"embeddable":true,"href":"https:\/\/www.jetelina.com\/index.php\/wp-json\/wp\/v2\/media\/57"}],"wp:attachment":[{"href":"https:\/\/www.jetelina.com\/index.php\/wp-json\/wp\/v2\/media?parent=7"}],"curies":[{"name":"wp","href":"https:\/\/api.w.org\/{rel}","templated":true}]}}